{"id":6324,"date":"2025-05-07T08:23:54","date_gmt":"2025-05-07T06:23:54","guid":{"rendered":"https:\/\/sens-suisse.ch\/?page_id=6324"},"modified":"2025-05-20T10:01:39","modified_gmt":"2025-05-20T08:01:39","slug":"verification-mesure-de-limpact","status":"publish","type":"page","link":"https:\/\/sens-suisse.ch\/fr\/nos-prestations\/verification-mesure-de-limpact\/","title":{"rendered":"V\u00e9rification &amp; mesure de l&rsquo;impact"},"content":{"rendered":"\n<h1>V\u00e9rification &#038; mesure d&rsquo;impact pour les social businesses<\/h1>\n\t<p>Les social businesses peuvent pour la premi\u00e8re fois \u00eatre v\u00e9rifi\u00e9s en tant que tels au niveau international.<\/p>\n\n","protected":false},"excerpt":{"rendered":"<p>V\u00e9rification &#038; mesure d&rsquo;impact pour les social businesses Les social businesses peuvent pour la premi\u00e8re fois \u00eatre v\u00e9rifi\u00e9s en tant que tels au niveau international.<\/p>\n","protected":false},"author":1,"featured_media":0,"parent":4943,"menu_order":0,"comment_status":"closed","ping_status":"closed","template":"","meta":{"_acf_changed":false,"_seopress_robots_primary_cat":"","_seopress_titles_title":"","_seopress_titles_desc":"Seien es Rechtsfragen, die Finanzierung oder die berufliche Vorsorge - Wir helfen gerne weiter.","_seopress_robots_index":"","footnotes":""},"class_list":["post-6324","page","type-page","status-publish","hentry"],"acf":[],"_links":{"self":[{"href":"https:\/\/sens-suisse.ch\/fr\/wp-json\/wp\/v2\/pages\/6324","targetHints":{"allow":["GET"]}}],"collection":[{"href":"https:\/\/sens-suisse.ch\/fr\/wp-json\/wp\/v2\/pages"}],"about":[{"href":"https:\/\/sens-suisse.ch\/fr\/wp-json\/wp\/v2\/types\/page"}],"author":[{"embeddable":true,"href":"https:\/\/sens-suisse.ch\/fr\/wp-json\/wp\/v2\/users\/1"}],"replies":[{"embeddable":true,"href":"https:\/\/sens-suisse.ch\/fr\/wp-json\/wp\/v2\/comments?post=6324"}],"version-history":[{"count":5,"href":"https:\/\/sens-suisse.ch\/fr\/wp-json\/wp\/v2\/pages\/6324\/revisions"}],"predecessor-version":[{"id":6332,"href":"https:\/\/sens-suisse.ch\/fr\/wp-json\/wp\/v2\/pages\/6324\/revisions\/6332"}],"up":[{"embeddable":true,"href":"https:\/\/sens-suisse.ch\/fr\/wp-json\/wp\/v2\/pages\/4943"}],"wp:attachment":[{"href":"https:\/\/sens-suisse.ch\/fr\/wp-json\/wp\/v2\/media?parent=6324"}],"curies":[{"name":"wp","href":"https:\/\/api.w.org\/{rel}","templated":true}]}}