{"id":4965,"date":"2023-07-19T08:40:56","date_gmt":"2023-07-19T06:40:56","guid":{"rendered":"https:\/\/sens-suisse.ch\/?page_id=4965"},"modified":"2025-05-20T11:49:05","modified_gmt":"2025-05-20T09:49:05","slug":"sewf-certification","status":"publish","type":"page","link":"https:\/\/sens-suisse.ch\/fr\/nos-prestations\/verification-mesure-de-limpact\/sewf-certification\/","title":{"rendered":"SEWF certification"},"content":{"rendered":"\n<h1>Certification People and Planet first pour les entreprises sociales<\/h1>\n\t<p>Le Social Economy World Forum (SEWF) a lanc\u00e9 un syst\u00e8me de v\u00e9rification des entreprises sociales. Avec \u00ab SEWF verified Social Enterprise \u00bb, les entreprises sociales suisses peuvent \u00eatre v\u00e9rifi\u00e9es pour la premi\u00e8re fois.<\/p>\n<p>SENS est le partenaire national suisse pour la certification SEWF. Nous accompagnons les organisations dans le processus de reconnaissance en tant que \u00ab verified Social Enterprise \u00bb.<\/p>\n\t<iframe loading=\"lazy\" width=\"560\" height=\"315\" src=\"https:\/\/www.youtube.com\/embed\/F-kXfGjBMz8?si=djG7d_hvqEt1ZVZ1\" title=\"YouTube video player\" frameborder=\"0\" allow=\"accelerometer; autoplay; clipboard-write; encrypted-media; gyroscope; picture-in-picture; web-share\" referrerpolicy=\"strict-origin-when-cross-origin\" allowfullscreen><\/iframe>\n\t<p>Une entreprise v\u00e9rifi\u00e9e r\u00e9pond \u00e0 six exigences dans les th\u00e8mes suivants :<\/p>\n<ul>\n<li>Mission de l&rsquo;entreprise<\/li>\n<li>\u00c9thique de l&rsquo;entreprise<\/li>\n<li>Financement<\/li>\n<li>R\u00e9investissement des b\u00e9n\u00e9fices<\/li>\n<li>Propri\u00e9t\u00e9<\/li>\n<li>Garantie de l&rsquo;objectif de l&rsquo;entreprise (\u00ab Mission Lock \u00bb).<\/li>\n<\/ul>\n<p>Ces exigences co\u00efncident en grande partie avec <a href=\"https:\/\/sens-suisse.ch\/fr\/autour-de-lentrepreneuriat-social\/\">les principes de l&rsquo;entrepreneuriat social<\/a>.<\/p>\n\t<h4>\n\t\tPlus d&rsquo;informations\t<\/h4>\n\t<p><a href=\"https:\/\/sens-suisse.ch\/social-enterprises-koennen-neu-als-solche-verifiziert-werden\/\">Blog Post (allemand)<\/a><\/p>\n<p><a href=\"https:\/\/peopleandplanetfirst.org\/get-verified\/\" target=\"_blank\" rel=\"noopener\">Site web SEWF<\/a><\/p>\n\t<p>La v\u00e9rification permet de cr\u00e9er des acc\u00e8s au march\u00e9 (B2B &amp; B&amp;C) dans tous les pays et de permettre aux diff\u00e9rentes organisations de rejoindre le mouvement mondial. Par exemple, la v\u00e9rification est un crit\u00e8re pour pouvoir participer aux \u00e9v\u00e9nements de <a href=\"https:\/\/sens-suisse.ch\/fuer-eine-beschaffung-mit-positiver-wirkung-europaweit\/\">Buy Social Europe B2B<\/a>. Pour les entreprises multinationales, les entreprises sociales sont plus facilement identifiables gr\u00e2ce \u00e0 la distinction et il est plus facile de s&rsquo;approvisionner aupr\u00e8s d&rsquo;elles.<\/p>\n<p>En tant qu&rsquo;entreprise sociale v\u00e9rifi\u00e9e, on a \u00e9galement acc\u00e8s \u00e0 des ressources financi\u00e8res par le biais du Catalyst-Business Commitment et d&rsquo;un soutien pro bono direct. Des services tels que des logiciels, des plateformes de vente, etc. peuvent \u00eatre utilis\u00e9s \u00e0 des prix pr\u00e9f\u00e9rentiels et les organisations sont invit\u00e9es \u00e0 participer \u00e0 des \u00e9v\u00e9nements mondiaux du SEWF.<\/p>\n\t<p>env. 80 CHF pour la v\u00e9rification<\/p>\n<p>+ 56 CHF pour le renouvellement annuel<\/p>\n\t<p>ca. 80 CHF f\u00fcr die Verifizierung<\/p>\n<p>+ 56 CHF f\u00fcr die j\u00e4hrliche Erneuerung<\/p>\n\t<p><em>Weitere Informationen zum Prozess und zu den Kriterien sind <a href=\"https:\/\/peopleandplanetfirst.org\/get-verified\/\" target=\"_blank\" rel=\"noopener\">hier<\/a> zu finden.<\/em><\/p>\n\n","protected":false},"excerpt":{"rendered":"<p>Certification People and Planet first pour les entreprises sociales Le Social Economy World Forum (SEWF) a lanc\u00e9 un syst\u00e8me de v\u00e9rification des entreprises sociales. Avec \u00ab SEWF verified Social Enterprise&hellip;<\/p>\n","protected":false},"author":2,"featured_media":0,"parent":6324,"menu_order":0,"comment_status":"closed","ping_status":"closed","template":"","meta":{"_acf_changed":false,"_seopress_robots_primary_cat":"","_seopress_titles_title":"","_seopress_titles_desc":"Das Social Economy World Forum (SEWF) hat eine Verifizierung von Social Enterprises lanciert. Mit \u00abSEWF verified Social Enterprise\u00bb k\u00f6nnen Schweizer Social Businesses erstmals verifiziert werden.\u00a0","_seopress_robots_index":"","footnotes":""},"class_list":["post-4965","page","type-page","status-publish","hentry"],"acf":[],"_links":{"self":[{"href":"https:\/\/sens-suisse.ch\/fr\/wp-json\/wp\/v2\/pages\/4965","targetHints":{"allow":["GET"]}}],"collection":[{"href":"https:\/\/sens-suisse.ch\/fr\/wp-json\/wp\/v2\/pages"}],"about":[{"href":"https:\/\/sens-suisse.ch\/fr\/wp-json\/wp\/v2\/types\/page"}],"author":[{"embeddable":true,"href":"https:\/\/sens-suisse.ch\/fr\/wp-json\/wp\/v2\/users\/2"}],"replies":[{"embeddable":true,"href":"https:\/\/sens-suisse.ch\/fr\/wp-json\/wp\/v2\/comments?post=4965"}],"version-history":[{"count":9,"href":"https:\/\/sens-suisse.ch\/fr\/wp-json\/wp\/v2\/pages\/4965\/revisions"}],"predecessor-version":[{"id":6343,"href":"https:\/\/sens-suisse.ch\/fr\/wp-json\/wp\/v2\/pages\/4965\/revisions\/6343"}],"up":[{"embeddable":true,"href":"https:\/\/sens-suisse.ch\/fr\/wp-json\/wp\/v2\/pages\/6324"}],"wp:attachment":[{"href":"https:\/\/sens-suisse.ch\/fr\/wp-json\/wp\/v2\/media?parent=4965"}],"curies":[{"name":"wp","href":"https:\/\/api.w.org\/{rel}","templated":true}]}}