{"id":4960,"date":"2023-07-19T12:18:48","date_gmt":"2023-07-19T10:18:48","guid":{"rendered":"https:\/\/sens-suisse.ch\/?page_id=4960"},"modified":"2023-07-19T15:06:54","modified_gmt":"2023-07-19T13:06:54","slug":"education","status":"publish","type":"page","link":"https:\/\/sens-suisse.ch\/fr\/nos-prestations\/education\/","title":{"rendered":"\u00c9ducation"},"content":{"rendered":"\n<h1>L&rsquo;entrepreneuriat social  dans l&rsquo;\u00e9ducation<\/h1>\n\t<h3><strong>Les jeunes seront les futurs dirigeants de l&rsquo;\u00e9conomie de demain et, en tant que pionniers, ils fa\u00e7onneront de nouveaux mod\u00e8les d&rsquo;entreprise. Afin de soutenir et d&rsquo;acc\u00e9l\u00e9rer le changement vers une \u00e9conomie plus ax\u00e9e sur l&rsquo;impact, l&rsquo;entrepreneuriat social doit \u00eatre impl\u00e9ment\u00e9 dans les formations \u00e9conomiques existants.<\/strong><\/h3>\n\t<p>Afin d&rsquo;\u00e9tablir l&rsquo;entrepreneuriat social de mani\u00e8re cibl\u00e9e dans l&rsquo;\u00e9ducation et d&rsquo;adresser les lacunes, SENS propose une offre vari\u00e9e pour la transmission des connaissances et le soutien aux enseignants et enseignantes.<\/p>\n<p><strong>Offre pour la formation:<\/strong><\/p>\n<ul>\n<li>Offre pour l&rsquo;enseignementInput expos\u00e9s sur des th\u00e8mes comme l&rsquo;introduction \u00e0 l&rsquo;entrepreneuriat social, le Social Business Modelling, l&rsquo;innovation sociale, la participation analogique &amp; num\u00e9rique, l&rsquo;ancrage de l&rsquo;impact, l&rsquo;Impact Management &amp; Measurement<\/li>\n<li>Mise en relation avec des partenaires de la pratique et des exemples de r\u00e9f\u00e9rence.<\/li>\n<\/ul>\n<p><strong>Collecte de donn\u00e9es et recherche nationale :<\/strong><\/p>\n<p>Jusqu&rsquo;\u00e0 pr\u00e9sent, il existe encore peu de connaissances sur l&rsquo;entrepreneuriat social en Suisse. Avec le&nbsp;<a href=\"https:\/\/sens-suisse.ch\/wp-content\/uploads\/2022\/12\/Monitor_Social_Entrepreneurship_Schweiz_2022.pdf\">Barom\u00e8tre de l&rsquo;entrepreneuriat social en Suisse<\/a> nous cr\u00e9ons une large base de donn\u00e9es sur le secteur. Apr\u00e8s avoir collect\u00e9 des donn\u00e9es pour la deuxi\u00e8me fois en 2022, nous souhaitons continuer \u00e0 mettre en lumi\u00e8re l&rsquo;\u00e9volution \u00e0 plus long terme gr\u00e2ce \u00e0 la publication r\u00e9guli\u00e8re du barom\u00e8tre.<\/p>\n<p>En 2022, nous avons int\u00e9gr\u00e9 notre barom\u00e8tre dans le projet europ\u00e9en du <a href=\"https:\/\/euclidnetwork.eu\/portfolio-posts\/european-social-enterprise-monitor-esem\/\">European Social Enterprise Monitor (ESEM)<\/a>. Parall\u00e8lement \u00e0 l&rsquo;\u00e9valuation suisse, d&rsquo;autres pays europ\u00e9ens ont \u00e9galement particip\u00e9 \u00e0 l&rsquo;\u00e9tude. L&rsquo;ESEM a \u00e9t\u00e9 initi\u00e9 par des organisations europ\u00e9ennes d&rsquo;entrepreneuriat social, des universit\u00e9s et d&rsquo;autres partenaires.<\/p>\n<p>Avec le Moniteur suisse de l&rsquo;entrepreneuriat social, nous r\u00e9pondons \u00e0 un besoin de donn\u00e9es et nous pouvons informer les responsables de la politique, de l&rsquo;administration, du monde financier et de l&rsquo;\u00e9conomie sur les besoins, les int\u00e9r\u00eats et les obstacles des entrepreneurs sociaux. Ces donn\u00e9es donnent en outre au secteur une voix forte aupr\u00e8s du public, de la soci\u00e9t\u00e9 civile et des m\u00e9dias.<\/p>\n<p><strong>Contactez-nous pour un premier entretien gratuit et un conseil personnalis\u00e9.<\/strong><\/p>\n","protected":false},"excerpt":{"rendered":"<p>L&rsquo;entrepreneuriat social dans l&rsquo;\u00e9ducation Les jeunes seront les futurs dirigeants de l&rsquo;\u00e9conomie de demain et, en tant que pionniers, ils fa\u00e7onneront de nouveaux mod\u00e8les d&rsquo;entreprise. Afin de soutenir et d&rsquo;acc\u00e9l\u00e9rer&hellip;<\/p>\n","protected":false},"author":1,"featured_media":0,"parent":4943,"menu_order":0,"comment_status":"closed","ping_status":"closed","template":"","meta":{"_acf_changed":false,"_seopress_robots_primary_cat":"","_seopress_titles_title":"","_seopress_titles_desc":"","_seopress_robots_index":"","footnotes":""},"class_list":["post-4960","page","type-page","status-publish","hentry"],"acf":[],"_links":{"self":[{"href":"https:\/\/sens-suisse.ch\/fr\/wp-json\/wp\/v2\/pages\/4960","targetHints":{"allow":["GET"]}}],"collection":[{"href":"https:\/\/sens-suisse.ch\/fr\/wp-json\/wp\/v2\/pages"}],"about":[{"href":"https:\/\/sens-suisse.ch\/fr\/wp-json\/wp\/v2\/types\/page"}],"author":[{"embeddable":true,"href":"https:\/\/sens-suisse.ch\/fr\/wp-json\/wp\/v2\/users\/1"}],"replies":[{"embeddable":true,"href":"https:\/\/sens-suisse.ch\/fr\/wp-json\/wp\/v2\/comments?post=4960"}],"version-history":[{"count":5,"href":"https:\/\/sens-suisse.ch\/fr\/wp-json\/wp\/v2\/pages\/4960\/revisions"}],"predecessor-version":[{"id":5014,"href":"https:\/\/sens-suisse.ch\/fr\/wp-json\/wp\/v2\/pages\/4960\/revisions\/5014"}],"up":[{"embeddable":true,"href":"https:\/\/sens-suisse.ch\/fr\/wp-json\/wp\/v2\/pages\/4943"}],"wp:attachment":[{"href":"https:\/\/sens-suisse.ch\/fr\/wp-json\/wp\/v2\/media?parent=4960"}],"curies":[{"name":"wp","href":"https:\/\/api.w.org\/{rel}","templated":true}]}}