{"id":3789,"date":"2021-12-13T09:04:21","date_gmt":"2021-12-13T08:04:21","guid":{"rendered":"https:\/\/sens-suisse.ch\/?page_id=3789"},"modified":"2024-11-28T14:17:41","modified_gmt":"2024-11-28T13:17:41","slug":"dons","status":"publish","type":"page","link":"https:\/\/sens-suisse.ch\/fr\/dons\/","title":{"rendered":"Dons"},"content":{"rendered":"\n<h1>Soutiens notre vision  pour une \u00e9conomie durable!<\/h1>\n\t<p>Les entrepreneurs sociaux sont des entrepreneurs dont le mod\u00e8le d&rsquo;entreprise \u00a0produit un impact soci\u00e9tal positif. Les entrepreneurs sociaux ont gr\u00e2ce \u00e0 ce mod\u00e8le et son impact, un \u00e9norme potentiel qui permet de r\u00e9soudre les d\u00e9fis de notre \u00e9poque.<\/p>\n\t<p>Nous nous engageons quotidiennement en faveur de l&rsquo;entrepreneuriat\u00a0 social en Suisse afin d&rsquo;\u00e9tablir une \u00e9conomie \u00e0 impact soci\u00e9tal positif. SENS en tant qu&rsquo;organisation ind\u00e9pendante est financ\u00e9e par les cotisations de ses membres, des dons, des contributions des fondations et de promotion bas\u00e9es sur des projets ainsi que par les services et conseils fournis.<\/p>\n\t\t\t<img decoding=\"async\" src=\"https:\/\/sens-suisse.ch\/wp-content\/uploads\/2020\/06\/RahelPfisterweb.jpg\" alt=\"Rahel Pfister web.jpg\" \/>\n\t\t\t\t\t<p>\u00ab \u00c0 mes yeux, renforcer l&rsquo;impact implique aussi en particulier de susciter l&rsquo;enthousiasme des jeunes personnes pour le sujet de l&rsquo;entrepreneuriat social. En tant que futur\u00b7e\u00b7s dirigeant\u00b7e\u00b7s, ils\u00b7elles fa\u00e7onneront l&rsquo;\u00e9conomie de demain, et en tant que pionniers\u00b7\u00e8res d&rsquo;impact futur\u00b7e\u00b7s, ils\u00b7elles cr\u00e9eront des entreprises innovantes.\u00bb<\/p>\n\t\t\t\t\t\t\t\t\tRahel Pfister\n\t\t\t\t\t\t\t\t\t\t\t\t\tDirectrice de SENS\n\t\t\t<img decoding=\"async\" src=\"https:\/\/sens-suisse.ch\/wp-content\/uploads\/2020\/10\/Alban-web.jpg\" alt=\"Alban web\" \/>\n\t\t\t\t\t<p>\u00ab Je vois un grand potentiel pour les mod\u00e8les \u00e9conomiques et commerciaux ax\u00e9s sur la p\u00e9rennit\u00e9 et souhaite oeuvrer \u00e0 cette transformation avec SENS en tant que plateforme nationale et tisseuse de liens intersectoriels. Il est impressionnant d&rsquo;observer comment les acteurs\u00b7rices de l&rsquo;\u00e9conomie sociale se saisissent des opportunit\u00e9s de la crise du coronavirus et s&rsquo;engagent inlassablement.\u00bb<\/p>\n\t\t\t\t\t\t\t\t\t Alban Muret\n\t\t\t\t\t\t\t\t\t\t\t\t\tCorporate Impact Lead\n\t\t\t<img decoding=\"async\" src=\"https:\/\/sens-suisse.ch\/wp-content\/uploads\/2020\/09\/florian-website.jpg\" alt=\"florian website\" \/>\n\t\t\t\t\t<p>\u00ab Mon travail chez SENS dans le domaine Startup &amp; Innovation me fascine parce qu&rsquo;il me permet de soutenir et d&rsquo;encourager la conjonction de l&rsquo;orientation vers l&rsquo;impact social et des m\u00e9canismes de march\u00e9. Je suis heureux de pouvoir accompagner un si grand nombre de startups de l&rsquo;\u00e9conomie sociale au fil de leur trajectoire d&rsquo;impact.\u00bb<\/p>\n\t\t\t\t\t\t\t\t\tFlorian Wieser\n\t\t\t\t\t\t\t\t\t\t\t\t\tStart-up &#038; Innovation Co-Lead\n\t\t\t<img decoding=\"async\" src=\"https:\/\/sens-suisse.ch\/wp-content\/uploads\/2020\/06\/RafaelwidmerWeb.jpg\" alt=\"Rafael widmer Web.jpg\" \/>\n\t\t\t\t\t<p>\u00ab Unir nos forces pour plus d&rsquo;entrepreneuriat social en Suisse: c&rsquo;est au service de cet objectif que nous mettons nos activit\u00e9s de r\u00e9seau &#8211; avec des acteurs en Suisse mais aussi en Europe.\u00bb<\/p>\n\t\t\t\t\t\t\t\t\tRafael Widmer\n\t\t\t\t\t\t\t\t\t\t\t\t\tCommunications Lead\n\t\t\t<img decoding=\"async\" src=\"https:\/\/sens-suisse.ch\/wp-content\/uploads\/2020\/09\/DSC05842.jpg\" alt=\"DSC05842\" \/>\n\t\t\t\t\t<p>\u00ab La question du sens n&rsquo;est pas importante qu&rsquo;au niveau individuel &#8211; les entreprises et les organisations devraient elles aussi tenter d&rsquo;y r\u00e9pondre. Avec mon travail, je souhaite soutenir les entreprises qui rel\u00e8vent ce d\u00e9fi.\u00bb<\/p>\n\t\t\t\t\t\t\t\t\tSilvan Scherer\n\t\t\t\t\t\t\t\t\t\t\t\t\tMarketing &#038; Community Lead\n\t<!-- \/.pp-testimonials -->\n<h4>\n\t\tFaites un don par e-banking\n\t<\/h4>\n\t<p><strong>Coordonn\u00e9es bancaires<br \/><\/strong>SENS <br \/>Kalkbreitestrasse 10 <br \/>8003 Zu\u0308rich<br \/>IBAN: CH39 0900 0000 8959 5003 2<\/p>\n\t<p><strong>Code QR pour les applications d&rsquo;e-banking<\/strong><\/p>\n\t\t<img loading=\"lazy\" decoding=\"async\" src=\"https:\/\/sens-suisse.ch\/wp-content\/uploads\/2024\/11\/QR-Code-Pure@4x.png\" alt=\"QR-Code-Pure@4x\" itemprop=\"image\" height=\"520\" width=\"520\" title=\"QR-Code-Pure@4x\" onerror=\"this.style.display='none'\"  \/>\n\t\t\t<a href=\"https:\/\/sens-suisse.ch\/wp-content\/uploads\/2024\/11\/QR-Rechnung.pdf\" target=\"_blank\" rel=\"noopener\">\n\t\t\t\t\t\tT\u00e9l\u00e9charger le bulletin de versement (PDF)\n\t\t\t\t\t<\/a>\n\t<p>Nous utilisons ton don pour:<\/p>\n\t<ul>\n<li><strong>Le d\u00e9veloppement d&rsquo;offres de formation<\/strong> autour de l&rsquo;entrepreneuriat social.<\/li>\n<li><strong>Les relations publiques pour sensibiliser<\/strong> la soci\u00e9t\u00e9 et obtenir un meilleur soutien politique.<\/li>\n<li><strong>La poursuite du d\u00e9veloppement de nos programmes de start-up<\/strong>s pour les jeunes entreprises ayant une mission sociale.<\/li>\n<li><strong>Les coop\u00e9rations de recherche<\/strong> pour plus de faits tangibles et de visibilit\u00e9.<\/li>\n<\/ul>\n\n","protected":false},"excerpt":{"rendered":"<p>Soutiens notre vision pour une \u00e9conomie durable! Les entrepreneurs sociaux sont des entrepreneurs dont le mod\u00e8le d&rsquo;entreprise \u00a0produit un impact soci\u00e9tal positif. Les entrepreneurs sociaux ont gr\u00e2ce \u00e0 ce mod\u00e8le&hellip;<\/p>\n","protected":false},"author":1,"featured_media":0,"parent":0,"menu_order":0,"comment_status":"closed","ping_status":"closed","template":"","meta":{"_acf_changed":false,"_seopress_robots_primary_cat":"","_seopress_titles_title":"","_seopress_titles_desc":"","_seopress_robots_index":"","footnotes":""},"class_list":["post-3789","page","type-page","status-publish","hentry"],"acf":[],"_links":{"self":[{"href":"https:\/\/sens-suisse.ch\/fr\/wp-json\/wp\/v2\/pages\/3789","targetHints":{"allow":["GET"]}}],"collection":[{"href":"https:\/\/sens-suisse.ch\/fr\/wp-json\/wp\/v2\/pages"}],"about":[{"href":"https:\/\/sens-suisse.ch\/fr\/wp-json\/wp\/v2\/types\/page"}],"author":[{"embeddable":true,"href":"https:\/\/sens-suisse.ch\/fr\/wp-json\/wp\/v2\/users\/1"}],"replies":[{"embeddable":true,"href":"https:\/\/sens-suisse.ch\/fr\/wp-json\/wp\/v2\/comments?post=3789"}],"version-history":[{"count":5,"href":"https:\/\/sens-suisse.ch\/fr\/wp-json\/wp\/v2\/pages\/3789\/revisions"}],"predecessor-version":[{"id":6012,"href":"https:\/\/sens-suisse.ch\/fr\/wp-json\/wp\/v2\/pages\/3789\/revisions\/6012"}],"wp:attachment":[{"href":"https:\/\/sens-suisse.ch\/fr\/wp-json\/wp\/v2\/media?parent=3789"}],"curies":[{"name":"wp","href":"https:\/\/api.w.org\/{rel}","templated":true}]}}