{"id":2031,"date":"2020-06-29T10:04:23","date_gmt":"2020-06-29T08:04:23","guid":{"rendered":"https:\/\/sens-suisse.ch\/?page_id=2031"},"modified":"2025-06-16T12:52:14","modified_gmt":"2025-06-16T10:52:14","slug":"evaluation-d-impact","status":"publish","type":"page","link":"https:\/\/sens-suisse.ch\/fr\/nos-prestations\/verification-mesure-de-limpact\/evaluation-d-impact\/","title":{"rendered":"Evaluation d&rsquo;impact"},"content":{"rendered":"\n<h1>Mesure de l&rsquo;impact<\/h1>\n\t<p>Quelle est la contribution positive de mon entreprise \u00e0 la soci\u00e9t\u00e9 ? Et quel est le lien entre cet impact et<br \/>mon mod\u00e8le d&rsquo;entreprise ? Cela vaut la peine de se poser r\u00e9guli\u00e8rement ces questions.<\/p>\n<h2>Agir r\u00e9ellement<\/h2>\n\t<p>La mesure et la communication de l&rsquo;impact sont des d\u00e9fis.<br \/>Les petites entreprises, en particulier, manquent souvent de temps, d&rsquo;argent et de personnel pour mettre en place des syst\u00e8mes de suivi co\u00fbteux. Cela rend particuli\u00e8rement difficile la saisie syst\u00e9matique et l&rsquo;am\u00e9lioration de leur impact. De plus, il n&rsquo;est souvent pas facile de s&rsquo;orienter dans la jungle des cadres et des normes et de trouver les indicateurs ad\u00e9quats.<\/p>\n<p>En collaboration avec l&rsquo;EPF et Swiss Fair Trade, SENS a \u00e9labor\u00e9 un guide. Les organisations ax\u00e9es sur l&rsquo;impact y trouvent des conseils et des astuces pour mettre en place une mesure de l&rsquo;impact simple mais efficace. Plut\u00f4t que d&rsquo;imposer un syst\u00e8me fixe, le guide invite les collaborateurs et les cadres \u00e0 trouver eux-m\u00eames des moyens et des outils adapt\u00e9s pour mesurer et communiquer les performances de l&rsquo;entreprise.<\/p>\n<a href=\"https:\/\/sens-suisse.ch\/wp-content\/uploads\/2025\/05\/Leitfaden_Wirkungsmessung_final.pdf\" target=\"_blank\">\n\tT\u00e9l\u00e9charger le livret interactif\n<\/a>\n\t\t<img loading=\"lazy\" decoding=\"async\" src=\"https:\/\/sens-suisse.ch\/wp-content\/uploads\/2025\/05\/Booklet-Wirkung-Seite_2.png\" alt=\"Booklet Wirkung Seite_2\" itemprop=\"image\" height=\"1500\" width=\"1500\" title=\"Booklet Wirkung Seite_2\" onerror=\"this.style.display='none'\"  \/>\n\t<p>Le livret interactif est le fruit d&rsquo;une collaboration entre l&rsquo;ETH, TIM Group, Swiss Fair Trade et Neue Sicht.<\/p>\n\t\t<img loading=\"lazy\" decoding=\"async\" src=\"https:\/\/sens-suisse.ch\/wp-content\/uploads\/2025\/06\/alle-Logos-wirklich-wirken.png\" alt=\"alle Logos wirklich wirken\" itemprop=\"image\" height=\"428\" width=\"907\" title=\"alle Logos wirklich wirken\" onerror=\"this.style.display='none'\"  \/>\n\n","protected":false},"excerpt":{"rendered":"<p>Mesure de l&rsquo;impact Quelle est la contribution positive de mon entreprise \u00e0 la soci\u00e9t\u00e9 ? Et quel est le lien entre cet impact etmon mod\u00e8le d&rsquo;entreprise ? Cela vaut la&hellip;<\/p>\n","protected":false},"author":1,"featured_media":0,"parent":6324,"menu_order":0,"comment_status":"closed","ping_status":"closed","template":"","meta":{"_acf_changed":false,"_seopress_robots_primary_cat":"","_seopress_titles_title":"","_seopress_titles_desc":"SENS sammelt und untersucht laufend neue Erkenntnisse zur Wirkung von sozialen und solidarischen Wirtschaftsformen und schafft eine Basis f\u00fcr die Wirkungsmessung.","_seopress_robots_index":"","footnotes":""},"class_list":["post-2031","page","type-page","status-publish","hentry"],"acf":[],"_links":{"self":[{"href":"https:\/\/sens-suisse.ch\/fr\/wp-json\/wp\/v2\/pages\/2031","targetHints":{"allow":["GET"]}}],"collection":[{"href":"https:\/\/sens-suisse.ch\/fr\/wp-json\/wp\/v2\/pages"}],"about":[{"href":"https:\/\/sens-suisse.ch\/fr\/wp-json\/wp\/v2\/types\/page"}],"author":[{"embeddable":true,"href":"https:\/\/sens-suisse.ch\/fr\/wp-json\/wp\/v2\/users\/1"}],"replies":[{"embeddable":true,"href":"https:\/\/sens-suisse.ch\/fr\/wp-json\/wp\/v2\/comments?post=2031"}],"version-history":[{"count":10,"href":"https:\/\/sens-suisse.ch\/fr\/wp-json\/wp\/v2\/pages\/2031\/revisions"}],"predecessor-version":[{"id":6467,"href":"https:\/\/sens-suisse.ch\/fr\/wp-json\/wp\/v2\/pages\/2031\/revisions\/6467"}],"up":[{"embeddable":true,"href":"https:\/\/sens-suisse.ch\/fr\/wp-json\/wp\/v2\/pages\/6324"}],"wp:attachment":[{"href":"https:\/\/sens-suisse.ch\/fr\/wp-json\/wp\/v2\/media?parent=2031"}],"curies":[{"name":"wp","href":"https:\/\/api.w.org\/{rel}","templated":true}]}}