{"id":2016,"date":"2020-07-07T16:50:20","date_gmt":"2020-07-07T14:50:20","guid":{"rendered":"https:\/\/sens-suisse.ch\/?page_id=2016"},"modified":"2020-09-30T15:09:36","modified_gmt":"2020-09-30T13:09:36","slug":"swiss-social-entrepreneurship-forum","status":"publish","type":"page","link":"https:\/\/sens-suisse.ch\/fr\/nos-prestations\/swiss-social-entrepreneurship-forum\/","title":{"rendered":"Swiss SocEnt Forum 2020"},"content":{"rendered":"<h1>1. Swiss Social Entrepreneurship Forum 2020<\/h1>\n\t<p>Avec le premier forum suisse SocEnt SENS offre une sc\u00e8ne publique aux questions relatives \u00e0 l&rsquo;activit\u00e9 \u00e9conomique ax\u00e9e sur l&rsquo;impact. L&rsquo;accent est mis sur les r\u00e9seaux intersectoriels, le transfert de connaissances et un \u00e9clairage \u00e9quilibr\u00e9 du sujet du c\u00f4t\u00e9 de l&rsquo;\u00e9conomie, de la science, de la politique et du public.<\/p>\n\t<p>Outre une d\u00e9finition du terme et un aper\u00e7u des d\u00e9veloppements en Suisse et dans l&rsquo;environnement europ\u00e9en, de courtes pr\u00e9sentations mettront en lumi\u00e8re les diff\u00e9rents aspects de l&rsquo;entrepreneuriat social lors de cet \u00e9v\u00e9nement d&rsquo;une demi-journ\u00e9e. Il s&rsquo;agit notamment de l&rsquo;orientation vers l&rsquo;impact, de la participation ou de la question de savoir comment g\u00e9rer des gains financiers. En outre, des entrepreneurs sociaux locaux donneront un aper\u00e7u de la pratique et un podium offrira un espace \u00e0 la discussion et aux questions du public.<\/p>\n<p>L&rsquo;objectif \u00e0 long terme est de poursuivre le forum sur une base annuelle, chaque fois dans des lieux diff\u00e9rents en Suisse. Est-ce que tu es int\u00e9ress\u00e9 \u00e0 participer ? Inscris-toi \u00e0 la liste d&rsquo;invitation : <a href=\"mailto:forum@sens-suisse.ch\">forum@sens-suisse.ch<\/a><\/p>\n","protected":false},"excerpt":{"rendered":"<p>1. Swiss Social Entrepreneurship Forum 2020 Avec le premier forum suisse SocEnt SENS offre une sc\u00e8ne publique aux questions relatives \u00e0 l&rsquo;activit\u00e9 \u00e9conomique ax\u00e9e sur l&rsquo;impact. L&rsquo;accent est mis sur&hellip;<\/p>\n","protected":false},"author":1,"featured_media":0,"parent":4943,"menu_order":0,"comment_status":"closed","ping_status":"closed","template":"","meta":{"_acf_changed":false,"_seopress_robots_primary_cat":"","_seopress_titles_title":"","_seopress_titles_desc":"Avec le premier forum suisse de l&#039;entrepreneuriat social nous offrons une tribune aux questions concernant l&#039;activit\u00e9 \u00e9conomique ax\u00e9e sur l&#039;impact. Fais partie !","_seopress_robots_index":"","footnotes":""},"class_list":["post-2016","page","type-page","status-publish","hentry"],"acf":[],"_links":{"self":[{"href":"https:\/\/sens-suisse.ch\/fr\/wp-json\/wp\/v2\/pages\/2016","targetHints":{"allow":["GET"]}}],"collection":[{"href":"https:\/\/sens-suisse.ch\/fr\/wp-json\/wp\/v2\/pages"}],"about":[{"href":"https:\/\/sens-suisse.ch\/fr\/wp-json\/wp\/v2\/types\/page"}],"author":[{"embeddable":true,"href":"https:\/\/sens-suisse.ch\/fr\/wp-json\/wp\/v2\/users\/1"}],"replies":[{"embeddable":true,"href":"https:\/\/sens-suisse.ch\/fr\/wp-json\/wp\/v2\/comments?post=2016"}],"version-history":[{"count":5,"href":"https:\/\/sens-suisse.ch\/fr\/wp-json\/wp\/v2\/pages\/2016\/revisions"}],"predecessor-version":[{"id":2549,"href":"https:\/\/sens-suisse.ch\/fr\/wp-json\/wp\/v2\/pages\/2016\/revisions\/2549"}],"up":[{"embeddable":true,"href":"https:\/\/sens-suisse.ch\/fr\/wp-json\/wp\/v2\/pages\/4943"}],"wp:attachment":[{"href":"https:\/\/sens-suisse.ch\/fr\/wp-json\/wp\/v2\/media?parent=2016"}],"curies":[{"name":"wp","href":"https:\/\/api.w.org\/{rel}","templated":true}]}}