{"id":2008,"date":"2020-07-07T16:48:51","date_gmt":"2020-07-07T14:48:51","guid":{"rendered":"https:\/\/sens-suisse.ch\/?page_id=2008"},"modified":"2025-01-15T14:32:06","modified_gmt":"2025-01-15T13:32:06","slug":"barometre-de-l-entrepreneuriat-social-suisse","status":"publish","type":"page","link":"https:\/\/sens-suisse.ch\/fr\/nos-prestations\/barometre-de-l-entrepreneuriat-social-suisse\/","title":{"rendered":"Barom\u00e8tre de l&rsquo;entrepreneuriat social en Suisse"},"content":{"rendered":"\n<h1>Barom\u00e8tre de l&rsquo;entrepreneuriat social en Suisse<\/h1>\n\t<p>Les entreprises ayant un impact social positif sont d&rsquo;une grande importance pour notre prosp\u00e9rit\u00e9. Cependant, il y a encore peu de connaissances sur l&rsquo;entrepreneuriat social en Suisse jusqu&rsquo;\u00e0 pr\u00e9sent. Avec le barom\u00e8tre, SENS cr\u00e9e une base de donn\u00e9es sur le secteur.<\/p>\n\t<p>Notre soci\u00e9t\u00e9 est confront\u00e9e \u00e0 de multiples d\u00e9fis que les entreprises sociales contribuent largement \u00e0 r\u00e9soudre par leurs activit\u00e9s. Qu&rsquo;il s&rsquo;agisse de d\u00e9fis tels que la crise climatique, la migration, l&rsquo;in\u00e9galit\u00e9 des chances, l&rsquo;inclusion, le changement d\u00e9mographique ou la division croissante de la soci\u00e9t\u00e9. En effet, les entreprises sociales abordent les d\u00e9fis sociaux avec une approche entrepreneuriale &#8211; cr\u00e9ative, innovante et ax\u00e9e sur l&rsquo;impact.<\/p>\n<p>La troisi\u00e8me \u00e9dition de notre barom\u00e8tre le montre : l&rsquo;entrepreneuriat social se d\u00e9veloppe constamment en Suisse. Avec le barom\u00e8tre, nous fournissons des donn\u00e9es et des faits actuels sur le d\u00e9veloppement du secteur de l&rsquo;entrepreneuriat social en Suisse.<\/p>\n<p>Le barom\u00e8tre de l&rsquo;entrepreneuriat social suisse 2024 analyse les donn\u00e9es des entreprises sociales ayant leur si\u00e8ge principal en Suisse et parvient \u00e0 ces conclusions :<\/p>\n<ul>\n<li>Depuis 2020, le nombre d&#8217;employ\u00e9s repr\u00e9sent\u00e9s dans l&rsquo;\u00e9chantillon et leurs \u00e9quivalents temps plein (ETP) ont presque quadrupl\u00e9.<\/li>\n<li>Les femmes sont fortement repr\u00e9sent\u00e9es : 51 % des postes de management et 39 % des postes de direction sont occup\u00e9s par des femmes, ce qui est nettement sup\u00e9rieur \u00e0 la moyenne suisse.<\/li>\n<li>Les fondations occupent la premi\u00e8re place dans le financement du d\u00e9veloppement, des investissements, des liquidit\u00e9s et de la croissance. Elles sont souvent sollicit\u00e9es et affichent un taux de r\u00e9ussite relativement \u00e9lev\u00e9. Cela montre que les fondations jouent un r\u00f4le important dans le financement des entreprises sociales.<\/li>\n<li>La majorit\u00e9 des entreprises sociales pr\u00e9sentent un bilan \u00e9quilibr\u00e9.<\/li>\n<li>Les entreprises sociales sont repr\u00e9sent\u00e9es dans toutes les formes juridiques possibles, mais les coop\u00e9ratives, les fondations et les associations sont plus nombreuses que la moyenne.<\/li>\n<li>Leur impact positif se manifeste dans tous les secteurs et toutes les r\u00e9gions de Suisse.<\/li>\n<li>33 % des personnes interrog\u00e9es indiquent avoir des besoins financiers pour faire \u00e9voluer leur entreprise. 20 % indiquent avoir besoin de moyens financiers pour l&rsquo;expansion sur de nouveaux march\u00e9s. Cela indique que de nombreuses entreprises sociales ont besoin de capitaux pour accro\u00eetre leur impact par le biais d&rsquo;une mise \u00e0 l&rsquo;\u00e9chelle.<\/li>\n<li>Malgr\u00e9 leur engagement, de nombreuses entreprises sociales voient des obstacles qui freinent leur d\u00e9veloppement. Le plus grand obstacle cit\u00e9 par les entreprises est la faiblesse du lobbying.<\/li>\n<li>Pour plus de la moiti\u00e9 des entreprises sociales, le commerce avec les clients commerciaux (B2B) est la principale ou la deuxi\u00e8me source de revenus (58 sur 108). Il en va de m\u00eame pour le commerce avec les clients priv\u00e9s (B2C).<\/li>\n<\/ul>\n\t<p>&nbsp;<\/p>\n<p>Nous r\u00e9pondons \u00e0 vos questions sous l&rsquo;adresse suivante : <a href=\"mailto:monitor@sens-suisse.ch\">monitor@sens-suisse.ch<\/a><\/p>\n\t<h4>\n\t\tDocuments\t<\/h4>\n\t<p>T\u00e9l\u00e9chargez le barom\u00e8tre en format PDF ici :<\/p>\n<p><a href=\"https:\/\/sens-suisse.ch\/wp-content\/uploads\/2025\/01\/Social-Entrepreneurship-Monitor-Schweiz_2024_F_web.pdf\" target=\"_blank\" rel=\"noopener\">Barom\u00e8tre de l&rsquo;entrepreneuriat social en Suisse 2024 (PDF).<\/a><\/p>\n<p><a href=\"https:\/\/sens-suisse.ch\/wp-content\/uploads\/2022\/12\/Barometre_Entrepreneuriat_Social_Suisse-_2022.pdf\" target=\"_blank\" rel=\"noopener\">Barom\u00e8tre de l&rsquo;entrepreneuriat social en Suisse 2022 (PDF)<\/a><\/p>\n<p><a href=\"https:\/\/sens-suisse.ch\/wp-content\/uploads\/2020\/12\/SENS_F_Monitor_Soziales_Unternehmertum_Web_Dez_2020.pdf\" target=\"_blank\" rel=\"noopener\">Barom\u00e8tre de l&rsquo;entrepreneuriat social en Suisse 2020 (PDF)<\/a><\/p>\n\n","protected":false},"excerpt":{"rendered":"<p>Barom\u00e8tre de l&rsquo;entrepreneuriat social en Suisse Les entreprises ayant un impact social positif sont d&rsquo;une grande importance pour notre prosp\u00e9rit\u00e9. Cependant, il y a encore peu de connaissances sur l&rsquo;entrepreneuriat&hellip;<\/p>\n","protected":false},"author":1,"featured_media":0,"parent":4943,"menu_order":0,"comment_status":"closed","ping_status":"closed","template":"","meta":{"_acf_changed":false,"_seopress_robots_primary_cat":"","_seopress_titles_title":"","_seopress_titles_desc":"Jusqu'\u00e0 pr\u00e9sent il y a peu de connaissances sur l'entrepreneuriat social en Suisse. Avec le barom\u00e8tre, SENS cr\u00e9e pour la premi\u00e8re fois une base de donn\u00e9es sur le secteur.","_seopress_robots_index":"","footnotes":""},"class_list":["post-2008","page","type-page","status-publish","hentry"],"acf":[],"_links":{"self":[{"href":"https:\/\/sens-suisse.ch\/fr\/wp-json\/wp\/v2\/pages\/2008","targetHints":{"allow":["GET"]}}],"collection":[{"href":"https:\/\/sens-suisse.ch\/fr\/wp-json\/wp\/v2\/pages"}],"about":[{"href":"https:\/\/sens-suisse.ch\/fr\/wp-json\/wp\/v2\/types\/page"}],"author":[{"embeddable":true,"href":"https:\/\/sens-suisse.ch\/fr\/wp-json\/wp\/v2\/users\/1"}],"replies":[{"embeddable":true,"href":"https:\/\/sens-suisse.ch\/fr\/wp-json\/wp\/v2\/comments?post=2008"}],"version-history":[{"count":27,"href":"https:\/\/sens-suisse.ch\/fr\/wp-json\/wp\/v2\/pages\/2008\/revisions"}],"predecessor-version":[{"id":6088,"href":"https:\/\/sens-suisse.ch\/fr\/wp-json\/wp\/v2\/pages\/2008\/revisions\/6088"}],"up":[{"embeddable":true,"href":"https:\/\/sens-suisse.ch\/fr\/wp-json\/wp\/v2\/pages\/4943"}],"wp:attachment":[{"href":"https:\/\/sens-suisse.ch\/fr\/wp-json\/wp\/v2\/media?parent=2008"}],"curies":[{"name":"wp","href":"https:\/\/api.w.org\/{rel}","templated":true}]}}