{"id":1939,"date":"2020-07-07T16:26:43","date_gmt":"2020-07-07T14:26:43","guid":{"rendered":"https:\/\/sens-suisse.ch\/?page_id=1939"},"modified":"2025-06-17T15:16:40","modified_gmt":"2025-06-17T13:16:40","slug":"sur-sens","status":"publish","type":"page","link":"https:\/\/sens-suisse.ch\/fr\/sur-sens\/","title":{"rendered":"Sur SENS"},"content":{"rendered":"\n<h1>Sur SENS<\/h1>\n\t<p>Les entrepreneurs sociaux sont la force tranformative pour un syst\u00e8me \u00e9conomique plus social et solidaire. C&rsquo;est ce qu&rsquo;il faut d&rsquo;urgence et c&rsquo;est pour cette raison que nous les soutenant et renfor\u00e7ons de toutes nos forces.<\/p>\n\t\t<a href=\"#vision\" target=\"_self\">Position &#038; vision<\/a>\n\t\t<a href=\"#mission\" target=\"_self\">Organisation<\/a>\n\t\t<a href=\"#geschaeftsstelle\" target=\"_self\">Bureau<\/a>\n\t\t<a href=\"#vorstand\" target=\"_self\">Comit\u00e9<\/a>\n<h2>Position &#038; vision<\/h2>\n\t<p>Ax\u00e9 sur l&rsquo;impact, utile, responsable, coop\u00e9rative, business for social impact &#8211; quel que soit le nom donn\u00e9 \u00e0 ces modes de fonctionnement \u00e9conomique nouveaux ou bien \u00e9tablis &#8211; SENS s&rsquo;engage pour plus de coop\u00e9ration entrepreneuriale au profit de la soci\u00e9t\u00e9.<\/p>\n\t<p>De nombreuses entreprises poursuivent d\u00e9j\u00e0 d&rsquo;autres objectifs que la simple r\u00e9ussite financi\u00e8re. L&rsquo;impact positif et le sens de leurs activit\u00e9s sont importants pour eux. C&rsquo;est l\u00e0 que nous voyons un grand potentiel, c&rsquo;est l\u00e0 que nous renfor\u00e7ons, mettons en r\u00e9seau et faisons de la recherche.<\/p>\n<p>Nous sommes convaincus : Les entrepreneurs sociaux apportent une contribution forte et importante \u00e0 la prosp\u00e9rit\u00e9 \u00e9conomique de la Suisse. Cependant, leur plus-value est encore trop peu connu. Ce qui manque, c&rsquo;est un organisme de r\u00e9f\u00e9rence pour des informations et le travail des relations publiques, une plateforme nationale pour une mise en r\u00e9seau intersectorielle et notamment une estime visible. C&rsquo;est ce que nous souhaitons faire et c&rsquo;est pourquoi, avec SENS, nous nous faisons le porte-parole pour des modes de fonctionnement \u00e9conomique ax\u00e9s sur l&rsquo;impact en Suisse.<\/p>\n<p>Ce qui est repr\u00e9sent\u00e9 par l&rsquo;expression \u00ab\u00a0social entrepreneurship\u00a0\u00bb au niveau international s&rsquo;exprime en Suisse aussi bien par un entrepreneuriat social divers que par une longue tradition d&rsquo;entreprises coop\u00e9ratives. Cette gestion d&rsquo;entreprise coop\u00e9rative et participative combin\u00e9e avec l&rsquo;exigence d&rsquo;une orientation des valeurs et sur l&rsquo;impact refl\u00e8te <a href=\"https:\/\/sens-suisse.ch\/fr\/participer-a-sens\/\">notre compr\u00e9hension d&rsquo;un syst\u00e8me \u00e9conomique social et solidaire<\/a>.<\/p>\n<h2>Organisation<\/h2>\n\t<p>Afin de r\u00e9aliser notre vision nous sommes actifs dans diff\u00e9rents champs d&rsquo;action. Concr\u00e8tement nous offrons :<\/p>\n\t<ul>\n<li>Un renforcement des entreprises par l&rsquo;\u00e9change d&rsquo;exp\u00e9riences, un r\u00e9seau et des partenariats strat\u00e9giques<\/li>\n<li>Un travail d&rsquo;information et de relations publiques visant la sensibilisation de la population ainsi que plus de soutien (politique)<\/li>\n<li>Des offres de formation et un transfer de savoir avec des acteurs nationaux et internationaux<\/li>\n<li>Des coop\u00e9rations de recherche pour plus de visibilit\u00e9 et de faits (moniteur et carte sur l&rsquo;entrepreneuriat social)<\/li>\n<li>L&rsquo;accompagnement de startups avec une vision sociale ainsi que la promotion d&rsquo;innovation pour des entreprises sociales \u00e9tablies.<\/li>\n<\/ul>\n\t<h4>\n\t\tD&rsquo;autres informations\t<\/h4>\n\t<p>SENS a \u00e9t\u00e9 fond\u00e9 en 2017 en tant qu&rsquo;association sous le nom de CooperativeSuisse. Notre bureau se trouve \u00e0 la coop\u00e9rative Kalkbreite \u00e0 Zurich.<\/p>\n<p><a href=\"https:\/\/sens-suisse.ch\/wp-content\/uploads\/2025\/06\/Jahresbericht_2024_Franzoesisch_final-web.pdf\" target=\"_blank\" rel=\"noopener\">Rapport annuel 2024 (PDF)<\/a><\/p>\n<p><a href=\"https:\/\/sens-suisse.ch\/wp-content\/uploads\/2024\/09\/Jahresbericht-2023_F_web.pdf\" target=\"_blank\" rel=\"noopener\">Rapport annuel 2023 (PDF)<\/a><\/p>\n<p><a href=\"https:\/\/sens-suisse.ch\/wp-content\/uploads\/2023\/06\/Rapport-annuel-2022.pdf\" target=\"_blank\" rel=\"noopener\">Rapport annuel 2022 (PDF) <\/a><\/p>\n<p><a href=\"https:\/\/sens-suisse.ch\/wp-content\/uploads\/2022\/06\/SENS_F_Jahresbericht_2021_04.pdf\" target=\"_blank\" rel=\"noopener\">Rapport annuel 2021 (PDF)<\/a><\/p>\n<p><a href=\"https:\/\/sens-suisse.ch\/wp-content\/uploads\/2021\/06\/SENS_F_Jahresbericht_2020_Web.pdf\" target=\"_blank\" rel=\"noopener\">Rapport annuel 2020 (PDF)<\/a><\/p>\n<p><a href=\"https:\/\/sens-suisse.ch\/wp-content\/uploads\/2020\/05\/F_CooperativesSuisse_Jahresbericht_2019_Web_200831.pdf\" target=\"_blank\" rel=\"noopener\">Rapport annuel 2019 (PDF)<\/a><\/p>\n<p><a href=\"https:\/\/sens-suisse.ch\/wp-content\/uploads\/2020\/06\/CooperativesSuisse_F_Jahresbericht_2018_Web.pdf\">Rapport annuel 2018 (PDF)<\/a><\/p>\n<p><a href=\"https:\/\/sens-suisse.ch\/wp-content\/uploads\/2024\/09\/20240621-SENS-Statuten.pdf\" target=\"_blank\" rel=\"noopener\">Status (PDF)<\/a><\/p>\n<h2>Bureau<\/h2>\n\t<p>Honn\u00eate, frais, fut\u00e9, authentique, joyeux et un peu malin, endurant, pleine d&rsquo;\u00e9n\u00e9rgie, ambitieux, intrins\u00e8quement motiv\u00e9 et avec beaucoup de passion &#8211; ainsi se d\u00e9crit notre \u00e9quipe.<\/p>\n<h2>Comit\u00e9<\/h2>\n\t<p>Le comit\u00e9 forme l&rsquo;\u00e9pine dorsale et soutient l&rsquo;\u00e9quipe avec de l&rsquo;expertise, un r\u00e9seau et un regard clairvoyant de l&rsquo;ext\u00e9rieur.<\/p>\n\n","protected":false},"excerpt":{"rendered":"<p>Sur SENS Les entrepreneurs sociaux sont la force tranformative pour un syst\u00e8me \u00e9conomique plus social et solidaire. C&rsquo;est ce qu&rsquo;il faut d&rsquo;urgence et c&rsquo;est pour cette raison que nous les&hellip;<\/p>\n","protected":false},"author":1,"featured_media":0,"parent":0,"menu_order":0,"comment_status":"closed","ping_status":"closed","template":"","meta":{"_acf_changed":false,"_seopress_robots_primary_cat":"","_seopress_titles_title":"","_seopress_titles_desc":"Les entrepreneurs sociaux sont la force tranformative pour un syst\u00e8me \u00e9conomique plus social et solidaire. SENS les soutient et les renforce dans leur mission.","_seopress_robots_index":"","footnotes":""},"class_list":["post-1939","page","type-page","status-publish","hentry"],"acf":[],"_links":{"self":[{"href":"https:\/\/sens-suisse.ch\/fr\/wp-json\/wp\/v2\/pages\/1939","targetHints":{"allow":["GET"]}}],"collection":[{"href":"https:\/\/sens-suisse.ch\/fr\/wp-json\/wp\/v2\/pages"}],"about":[{"href":"https:\/\/sens-suisse.ch\/fr\/wp-json\/wp\/v2\/types\/page"}],"author":[{"embeddable":true,"href":"https:\/\/sens-suisse.ch\/fr\/wp-json\/wp\/v2\/users\/1"}],"replies":[{"embeddable":true,"href":"https:\/\/sens-suisse.ch\/fr\/wp-json\/wp\/v2\/comments?post=1939"}],"version-history":[{"count":18,"href":"https:\/\/sens-suisse.ch\/fr\/wp-json\/wp\/v2\/pages\/1939\/revisions"}],"predecessor-version":[{"id":6474,"href":"https:\/\/sens-suisse.ch\/fr\/wp-json\/wp\/v2\/pages\/1939\/revisions\/6474"}],"wp:attachment":[{"href":"https:\/\/sens-suisse.ch\/fr\/wp-json\/wp\/v2\/media?parent=1939"}],"curies":[{"name":"wp","href":"https:\/\/api.w.org\/{rel}","templated":true}]}}