{"id":1916,"date":"2020-07-07T16:17:24","date_gmt":"2020-07-07T14:17:24","guid":{"rendered":"https:\/\/sens-suisse.ch\/?page_id=1916"},"modified":"2025-02-12T13:43:49","modified_gmt":"2025-02-12T12:43:49","slug":"reseau","status":"publish","type":"page","link":"https:\/\/sens-suisse.ch\/fr\/reseau\/","title":{"rendered":"R\u00e9seau"},"content":{"rendered":"\n<h1>L&rsquo;\u00e9cosyst\u00e8me de SENS<\/h1>\n\t<p>Dans notre r\u00e9seau, les entrepreneurs responsables, les organisations partenaires, les sponsors et les personnes interess\u00e9s se r\u00e9unissent. Ensemble nous donnons plus de poids \u00e0 la vision d&rsquo;un syst\u00e8me \u00e9conomique ax\u00e9 sur l&rsquo;impact.<\/p>\n\t\t<a href=\"#social-entreprises\" target=\"_self\" rel=\"noopener\">Entreprise sociales et solidaires<\/a>\n\t\t<a href=\"#membres\" target=\"_self\" rel=\"noopener\">Membres<\/a>\n\t\t<a href=\"#supporter\" target=\"_self\" rel=\"noopener\">Supporter<\/a>\n\t\t<a href=\"#voices-of-impact\" target=\"_self\" rel=\"noopener\">Voices of Impact<\/a>\n\t\t<a href=\"#ecosysteme\" target=\"_self\" rel=\"noopener\">\u00c9cosyst\u00e8me<\/a>\n<h2>Entreprise sociales et solidaires<\/h2>\n\t<p><strong>Un r\u00e9seau d&rsquo;entreprises ax\u00e9es sur l&rsquo;impact, de Gen\u00e8ve \u00e0 Saint-Gall<\/strong><\/p>\n\t<p>L&rsquo;entrepreneuriat social est pr\u00e9sent dans toute la Suisse. Notre r\u00e9seau compte d\u00e9j\u00e0 plus de 300 entreprises inscrites sur notre carte. Par leur activit\u00e9 entrepreneuriale, elles apportent toutes une contribution importante \u00e0 la r\u00e9solution de d\u00e9fis sociaux.<\/p>\n<p>Es-tu aussi un entrepreneur social en Suisse ? Ou connais-tu d&rsquo;autres entreprises dont l&rsquo;activit\u00e9 est ax\u00e9e sur l&rsquo;efficacit\u00e9 ?<\/p>\n<p>Rejoins notre r\u00e9seau : inscris-toi sur notre carte et augmente ta visibilit\u00e9. Ou \u00e9change avec d&rsquo;autres entrepreneurs sociaux sur<a href=\"https:\/\/www.reflecta.network\/community\/sens?tab=members\"> notre plateforme interne<\/a>.<\/p>\n<a href=\"https:\/\/map.sens-suisse.ch\/fr\" target=\"_blank\" rel=\"noopener\">\n\tVoir la carte de l&rsquo;entrepreneuriat social en Suisse \n<\/a>\n\t\t\t\t<a href=\"https:\/\/map.sens-suisse.ch\/fr\" target=\"_blank\" rel=\"noopener\" itemprop=\"url\">\n\t\t<img loading=\"lazy\" decoding=\"async\" src=\"https:\/\/sens-suisse.ch\/wp-content\/uploads\/2022\/01\/map-social-entrepreneurship.png\" alt=\"map-social-entrepreneurship\" itemprop=\"image\" height=\"441\" width=\"800\" title=\"map-social-entrepreneurship\" onerror=\"this.style.display='none'\"  \/>\n\t\t\t\t<\/a>\n<h2>Membres<\/h2>\n\t<p>Ces entreprises soutiennent le travail de SENS en tant que membres.<\/p>\n<h2>Supporter<\/h2>\n\t<p>Ces organisations contribuent \u00e0 la r\u00e9alisation de nos projets en tant que partenaires de projet. Un grand merci pour le soutien qu&rsquo;elles nous apportent.<\/p>\nNewsletter\n<h2>Reste au courant<\/h2>\n\t<script>\nvar gform;gform||(document.addEventListener(\"gform_main_scripts_loaded\",function(){gform.scriptsLoaded=!0}),document.addEventListener(\"gform\/theme\/scripts_loaded\",function(){gform.themeScriptsLoaded=!0}),window.addEventListener(\"DOMContentLoaded\",function(){gform.domLoaded=!0}),gform={domLoaded:!1,scriptsLoaded:!1,themeScriptsLoaded:!1,isFormEditor:()=>\"function\"==typeof InitializeEditor,callIfLoaded:function(o){return!(!gform.domLoaded||!gform.scriptsLoaded||!gform.themeScriptsLoaded&&!gform.isFormEditor()||(gform.isFormEditor()&&console.warn(\"The use of gform.initializeOnLoaded() is deprecated in the form editor context and will be removed in Gravity Forms 3.1.\"),o(),0))},initializeOnLoaded:function(o){gform.callIfLoaded(o)||(document.addEventListener(\"gform_main_scripts_loaded\",()=>{gform.scriptsLoaded=!0,gform.callIfLoaded(o)}),document.addEventListener(\"gform\/theme\/scripts_loaded\",()=>{gform.themeScriptsLoaded=!0,gform.callIfLoaded(o)}),window.addEventListener(\"DOMContentLoaded\",()=>{gform.domLoaded=!0,gform.callIfLoaded(o)}))},hooks:{action:{},filter:{}},addAction:function(o,r,e,t){gform.addHook(\"action\",o,r,e,t)},addFilter:function(o,r,e,t){gform.addHook(\"filter\",o,r,e,t)},doAction:function(o){gform.doHook(\"action\",o,arguments)},applyFilters:function(o){return gform.doHook(\"filter\",o,arguments)},removeAction:function(o,r){gform.removeHook(\"action\",o,r)},removeFilter:function(o,r,e){gform.removeHook(\"filter\",o,r,e)},addHook:function(o,r,e,t,n){null==gform.hooks[o][r]&&(gform.hooks[o][r]=[]);var d=gform.hooks[o][r];null==n&&(n=r+\"_\"+d.length),gform.hooks[o][r].push({tag:n,callable:e,priority:t=null==t?10:t})},doHook:function(r,o,e){var t;if(e=Array.prototype.slice.call(e,1),null!=gform.hooks[r][o]&&((o=gform.hooks[r][o]).sort(function(o,r){return o.priority-r.priority}),o.forEach(function(o){\"function\"!=typeof(t=o.callable)&&(t=window[t]),\"action\"==r?t.apply(null,e):e[0]=t.apply(null,e)})),\"filter\"==r)return e[0]},removeHook:function(o,r,t,n){var e;null!=gform.hooks[o][r]&&(e=(e=gform.hooks[o][r]).filter(function(o,r,e){return!!(null!=n&&n!=o.tag||null!=t&&t!=o.priority)}),gform.hooks[o][r]=e)}});\n<\/script>\n\n                <div class='gf_browser_gecko gform_wrapper gform_legacy_markup_wrapper gform-theme--no-framework dark-bg_wrapper newsletter-form_wrapper' data-form-theme='legacy' data-form-index='0' id='gform_wrapper_3' ><div id='gf_3' class='gform_anchor' tabindex='-1'><\/div><form method='post' enctype='multipart\/form-data' target='gform_ajax_frame_3' id='gform_3' class='dark-bg newsletter-form' action='\/fr\/wp-json\/wp\/v2\/pages\/1916#gf_3' data-formid='3' novalidate> \r\n <input type='hidden' class='gforms-pum' value='{\"closepopup\":false,\"closedelay\":0,\"openpopup\":false,\"openpopup_id\":0}' \/>\n                        <div class='gform-body gform_body'><ul id='gform_fields_3' class='gform_fields top_label form_sublabel_below description_below validation_below'><li id=\"field_3_1\" class=\"gfield gfield--type-text gfield--input-type-text gf_left_half gfield_contains_required field_sublabel_below gfield--no-description field_description_below hidden_label field_validation_below gfield_visibility_visible\"  ><label class='gfield_label gform-field-label' for='input_3_1'>Pr\u00e9nom<span class=\"gfield_required\"><span class=\"gfield_required gfield_required_asterisk\">*<\/span><\/span><\/label><div class='ginput_container ginput_container_text'><input name='input_1' id='input_3_1' type='text' value='' class='large'    placeholder='Pr\u00e9nom' aria-required=\"true\" aria-invalid=\"false\"   \/><\/div><\/li><li id=\"field_3_2\" class=\"gfield gfield--type-text gfield--input-type-text gf_right_half gfield_contains_required field_sublabel_below gfield--no-description field_description_below hidden_label field_validation_below gfield_visibility_visible\"  ><label class='gfield_label gform-field-label' for='input_3_2'>Nom<span class=\"gfield_required\"><span class=\"gfield_required gfield_required_asterisk\">*<\/span><\/span><\/label><div class='ginput_container ginput_container_text'><input name='input_2' id='input_3_2' type='text' value='' class='large'    placeholder='Nom' aria-required=\"true\" aria-invalid=\"false\"   \/><\/div><\/li><li id=\"field_3_3\" class=\"gfield gfield--type-email gfield--input-type-email gfield_contains_required field_sublabel_below gfield--no-description field_description_below hidden_label field_validation_below gfield_visibility_visible\"  ><label class='gfield_label gform-field-label' for='input_3_3'>E-Mail<span class=\"gfield_required\"><span class=\"gfield_required gfield_required_asterisk\">*<\/span><\/span><\/label><div class='ginput_container ginput_container_email'>\n                            <input name='input_3' id='input_3_3' type='email' value='' class='large'   placeholder='E-Mail' aria-required=\"true\" aria-invalid=\"false\"  \/>\n                        <\/div><\/li><li id=\"field_3_6\" class=\"gfield gfield--type-select gfield--input-type-select gfield--width-full field_sublabel_below gfield--no-description field_description_below field_validation_below gfield_visibility_hidden\"  ><div class=\"admin-hidden-markup\"><i class=\"gform-icon gform-icon--hidden\" aria-hidden=\"true\" title=\"Ce champ est masqu\u00e9 lorsque l\u2018on voit le formulaire.\"><\/i><span>Ce champ est masqu\u00e9 lorsque l\u2018on voit le formulaire.<\/span><\/div><label class='gfield_label gform-field-label' for='input_3_6'>Preferred Language (Hubspot)<\/label><div class='ginput_container ginput_container_select'><select name='input_6' id='input_3_6' class='large gfield_select'     aria-invalid=\"false\" ><option value='fr' selected='selected'>fr<\/option><option value='de' >de<\/option><\/select><\/div><\/li><li id=\"field_3_4\" class=\"gfield gfield--type-select gfield--input-type-select field_sublabel_below gfield--no-description field_description_below field_validation_below gfield_visibility_hidden\"  ><div class=\"admin-hidden-markup\"><i class=\"gform-icon gform-icon--hidden\" aria-hidden=\"true\" title=\"Ce champ est masqu\u00e9 lorsque l\u2018on voit le formulaire.\"><\/i><span>Ce champ est masqu\u00e9 lorsque l\u2018on voit le formulaire.<\/span><\/div><label class='gfield_label gform-field-label' for='input_3_4'>Language<\/label><div class='ginput_container ginput_container_select'><select name='input_4' id='input_3_4' class='medium gfield_select'     aria-invalid=\"false\" ><option value='DE' >DE<\/option><option value='FR' selected='selected'>FR<\/option><option value='EN' >EN<\/option><\/select><\/div><\/li><li id=\"field_3_5\" class=\"gfield gfield--type-text gfield--input-type-text field_sublabel_below gfield--no-description field_description_below field_validation_below gfield_visibility_hidden\"  ><div class=\"admin-hidden-markup\"><i class=\"gform-icon gform-icon--hidden\" aria-hidden=\"true\" title=\"Ce champ est masqu\u00e9 lorsque l\u2018on voit le formulaire.\"><\/i><span>Ce champ est masqu\u00e9 lorsque l\u2018on voit le formulaire.<\/span><\/div><label class='gfield_label gform-field-label' for='input_3_5'>Source<\/label><div class='ginput_container ginput_container_text'><input name='input_5' id='input_3_5' type='text' value='SENS-Website' class='medium'      aria-invalid=\"false\"   \/><\/div><\/li><\/ul><\/div>\n        <div class='gform-footer gform_footer top_label'> <button class='button' id='gform_submit_button_3'><span class='cs-button light'><i class='far fa-long-arrow-right'><\/i> <span>S'inscrire <\/span><\/span><\/button> <input type='hidden' name='gform_ajax' value='form_id=3&amp;title=&amp;description=&amp;tabindex=0&amp;theme=legacy&amp;styles=[]&amp;hash=c108db4b2617b3d755fea5235f13b9dc' \/>\n            <input type='hidden' class='gform_hidden' name='gform_submission_method' data-js='gform_submission_method_3' value='iframe' \/>\n            <input type='hidden' class='gform_hidden' name='gform_theme' data-js='gform_theme_3' id='gform_theme_3' value='legacy' \/>\n            <input type='hidden' class='gform_hidden' name='gform_style_settings' data-js='gform_style_settings_3' id='gform_style_settings_3' value='[]' \/>\n            <input type='hidden' class='gform_hidden' name='is_submit_3' value='1' \/>\n            <input type='hidden' class='gform_hidden' name='gform_submit' value='3' \/>\n            \n            <input type='hidden' class='gform_hidden' name='gform_currency' data-currency='CHF' value='r+Dycch8QW1VO89rjBsVdP6JQdczFPZqbNprwlWKo883DT58zOTrkUJ0lyQhQ6kpDo+q8KGVcf5BnptFwHTrwR\/gw+94bI6QEmAF54DzQe1GVHo=' \/>\n            <input type='hidden' class='gform_hidden' name='gform_unique_id' value='' \/>\n            <input type='hidden' class='gform_hidden' name='state_3' value='WyJ7XCI2XCI6W1wiNTcwMDQzZjFjMzJhYWEyMDY2MzE0NGI1YmE5MjdlZjZcIixcIjA3Yzk2N2ZjNDk2ZjQzMGY2YjIyZjE5MjQ4NDNjNDE0XCJdfSIsIjBlZjA5ZWUxNmZhNjhhNmZjOWQ5ZmI0MDAzYjI3MjQ5Il0=' \/>\n            <input type='hidden' autocomplete='off' class='gform_hidden' name='gform_target_page_number_3' id='gform_target_page_number_3' value='0' \/>\n            <input type='hidden' autocomplete='off' class='gform_hidden' name='gform_source_page_number_3' id='gform_source_page_number_3' value='1' \/>\n            <input type='hidden' name='gform_field_values' value='' \/>\n            \n        <\/div>\n                        <\/form>\n                        <\/div>\n\t\t                <iframe style='display:none;width:0px;height:0px;' src='about:blank' name='gform_ajax_frame_3' id='gform_ajax_frame_3' title='Cette iframe contient la logique n\u00e9cessaire pour manipuler Gravity Forms avec Ajax.'><\/iframe>\n\t\t                <script>\ngform.initializeOnLoaded( function() {gformInitSpinner( 3, 'https:\/\/sens-suisse.ch\/wp-content\/plugins\/gravityforms\/images\/spinner.svg', true );jQuery('#gform_ajax_frame_3').on('load',function(){var contents = jQuery(this).contents().find('*').html();var is_postback = contents.indexOf('GF_AJAX_POSTBACK') >= 0;if(!is_postback){return;}var form_content = jQuery(this).contents().find('#gform_wrapper_3');var is_confirmation = jQuery(this).contents().find('#gform_confirmation_wrapper_3').length > 0;var is_redirect = contents.indexOf('gformRedirect(){') >= 0;var is_form = form_content.length > 0 && ! is_redirect && ! is_confirmation;var mt = parseInt(jQuery('html').css('margin-top'), 10) + parseInt(jQuery('body').css('margin-top'), 10) + 100;if(is_form){jQuery('#gform_wrapper_3').html(form_content.html());if(form_content.hasClass('gform_validation_error')){jQuery('#gform_wrapper_3').addClass('gform_validation_error');} else {jQuery('#gform_wrapper_3').removeClass('gform_validation_error');}setTimeout( function() { \/* delay the scroll by 50 milliseconds to fix a bug in chrome *\/ jQuery(document).scrollTop(jQuery('#gform_wrapper_3').offset().top - mt); }, 50 );if(window['gformInitDatepicker']) {gformInitDatepicker();}if(window['gformInitPriceFields']) {gformInitPriceFields();}var current_page = jQuery('#gform_source_page_number_3').val();gformInitSpinner( 3, 'https:\/\/sens-suisse.ch\/wp-content\/plugins\/gravityforms\/images\/spinner.svg', true );jQuery(document).trigger('gform_page_loaded', [3, current_page]);window['gf_submitting_3'] = false;}else if(!is_redirect){var confirmation_content = jQuery(this).contents().find('.GF_AJAX_POSTBACK').html();if(!confirmation_content){confirmation_content = contents;}jQuery('#gform_wrapper_3').replaceWith(confirmation_content);jQuery(document).scrollTop(jQuery('#gf_3').offset().top - mt);jQuery(document).trigger('gform_confirmation_loaded', [3]);window['gf_submitting_3'] = false;wp.a11y.speak(jQuery('#gform_confirmation_message_3').text());}else{jQuery('#gform_3').append(contents);if(window['gformRedirect']) {gformRedirect();}}jQuery(document).trigger(\"gform_pre_post_render\", [{ formId: \"3\", currentPage: \"current_page\", abort: function() { this.preventDefault(); } }]);        if (event && event.defaultPrevented) {                return;        }        const gformWrapperDiv = document.getElementById( \"gform_wrapper_3\" );        if ( gformWrapperDiv ) {            const visibilitySpan = document.createElement( \"span\" );            visibilitySpan.id = \"gform_visibility_test_3\";            gformWrapperDiv.insertAdjacentElement( \"afterend\", visibilitySpan );        }        const visibilityTestDiv = document.getElementById( \"gform_visibility_test_3\" );        let postRenderFired = false;        function triggerPostRender() {            if ( postRenderFired ) {                return;            }            postRenderFired = true;            gform.core.triggerPostRenderEvents( 3, current_page );            if ( visibilityTestDiv ) {                visibilityTestDiv.parentNode.removeChild( visibilityTestDiv );            }        }        function debounce( func, wait, immediate ) {            var timeout;            return function() {                var context = this, args = arguments;                var later = function() {                    timeout = null;                    if ( !immediate ) func.apply( context, args );                };                var callNow = immediate && !timeout;                clearTimeout( timeout );                timeout = setTimeout( later, wait );                if ( callNow ) func.apply( context, args );            };        }        const debouncedTriggerPostRender = debounce( function() {            triggerPostRender();        }, 200 );        if ( visibilityTestDiv && visibilityTestDiv.offsetParent === null ) {            const observer = new MutationObserver( ( mutations ) => {                mutations.forEach( ( mutation ) => {                    if ( mutation.type === 'attributes' && visibilityTestDiv.offsetParent !== null ) {                        debouncedTriggerPostRender();                        observer.disconnect();                    }                });            });            observer.observe( document.body, {                attributes: true,                childList: false,                subtree: true,                attributeFilter: [ 'style', 'class' ],            });        } else {            triggerPostRender();        }    } );} );\n<\/script>\n\n<h2>Voices of Impact<\/h2>\n\t<p>Un grand nombre de personnes ont un impact positif sur la soci\u00e9t\u00e9 dans le cadre de leur activit\u00e9 professionnelle. Ces pionniers de l&rsquo;impact racontent ici leurs motivations et leurs convictions \u00e0 ce sujet.<\/p>\n<h2>\u00c9cosyst\u00e8me<\/h2>\n\t<p>SENS est en contact \u00e9troit avec d&rsquo;autres organisations actives dans le domaine de l&rsquo;entrepreneuriat social en Suisse et se consid\u00e8re comme un b\u00e2tisseur de ponts vers le niveau europ\u00e9en.<\/p>\n\n","protected":false},"excerpt":{"rendered":"<p>L&rsquo;\u00e9cosyst\u00e8me de SENS Dans notre r\u00e9seau, les entrepreneurs responsables, les organisations partenaires, les sponsors et les personnes interess\u00e9s se r\u00e9unissent. Ensemble nous donnons plus de poids \u00e0 la vision d&rsquo;un&hellip;<\/p>\n","protected":false},"author":1,"featured_media":0,"parent":0,"menu_order":0,"comment_status":"closed","ping_status":"closed","template":"","meta":{"_acf_changed":false,"_seopress_robots_primary_cat":"","_seopress_titles_title":"","_seopress_titles_desc":"Notre r\u00e9seau d'entrepreneurs responsables, d'organisations partenaires, de sponsors et de parties int\u00e9ress\u00e9es donne du poids \u00e0 la vision d'un syst\u00e8me \u00e9conomique ax\u00e9 sur l'impact.","_seopress_robots_index":"","footnotes":""},"class_list":["post-1916","page","type-page","status-publish","hentry"],"acf":[],"_links":{"self":[{"href":"https:\/\/sens-suisse.ch\/fr\/wp-json\/wp\/v2\/pages\/1916","targetHints":{"allow":["GET"]}}],"collection":[{"href":"https:\/\/sens-suisse.ch\/fr\/wp-json\/wp\/v2\/pages"}],"about":[{"href":"https:\/\/sens-suisse.ch\/fr\/wp-json\/wp\/v2\/types\/page"}],"author":[{"embeddable":true,"href":"https:\/\/sens-suisse.ch\/fr\/wp-json\/wp\/v2\/users\/1"}],"replies":[{"embeddable":true,"href":"https:\/\/sens-suisse.ch\/fr\/wp-json\/wp\/v2\/comments?post=1916"}],"version-history":[{"count":20,"href":"https:\/\/sens-suisse.ch\/fr\/wp-json\/wp\/v2\/pages\/1916\/revisions"}],"predecessor-version":[{"id":6150,"href":"https:\/\/sens-suisse.ch\/fr\/wp-json\/wp\/v2\/pages\/1916\/revisions\/6150"}],"wp:attachment":[{"href":"https:\/\/sens-suisse.ch\/fr\/wp-json\/wp\/v2\/media?parent=1916"}],"curies":[{"name":"wp","href":"https:\/\/api.w.org\/{rel}","templated":true}]}}